{"id":234,"date":"2017-01-30T03:39:36","date_gmt":"2017-01-30T03:39:36","guid":{"rendered":"https:\/\/demo.themegrill.com\/flash-construction-2\/?page_id=8"},"modified":"2025-06-05T14:09:35","modified_gmt":"2025-06-05T12:09:35","slug":"about","status":"publish","type":"page","link":"https:\/\/robstal.com.pl\/?page_id=234","title":{"rendered":"O nas"},"content":{"rendered":"<div id=\"pl-234\"  class=\"panel-layout\" ><div id=\"pg-234-0\"  class=\"panel-grid panel-has-style\" ><div class=\"siteorigin-panels-stretch panel-row-style panel-row-style-for-234-0\" data-stretch-type=\"full\" ><div id=\"pgc-234-0-0\"  class=\"panel-grid-cell\" ><div id=\"panel-234-0-0-0\" class=\"so-panel widget widget_siteorigin-panels-builder panel-first-child panel-last-child\" data-index=\"0\" ><div id=\"pl-w684188ff4d69e\"  class=\"panel-layout\" ><div id=\"pg-w684188ff4d69e-0\"  class=\"panel-grid panel-no-style\" ><div id=\"pgc-w684188ff4d69e-0-0\"  class=\"panel-grid-cell\" ><div id=\"panel-w684188ff4d69e-0-0-0\" class=\"so-panel widget widget_text panel-first-child\" data-index=\"0\" ><h3 class=\"widget-title\">P.H.U. &#8222;ROBSTAL&#8221; Hieronim Robakowski<\/h3>\t\t\t<div class=\"textwidget\"><p>\nNasza firma zajmuje si\u0119:<br \/>\n1 . Sprzeda\u017c\u0105 stali\u00a0<br \/>\nPosiadamy w sprzeda\u017cy szeroki asortyment stali:<br \/>\nBlacha czarna<br \/>\nCeownikI GW, ZG,<br \/>\nDwuteownikI HEA, HEB, IPE<br \/>\nK\u0105towniki GW<br \/>\nP\u0142askowniki<br \/>\nPr\u0119ty g\u0142adkie, \u017cebro<br \/>\nProfile<br \/>\nRura B\/S, czarna-konstrukcyjna i przewodowa<br \/>\nRura ocynk<br \/>\nCenniki i wymiary dost\u0119pne w zak\u0142adce CENNIK STALI <\/p>\n<p>2. Sprzeda\u017c\u0105 artyku\u0142\u00f3w dla rolnictwa\u00a0<br \/>\nZootechnika<br \/>\nNasz sklep rolniczo-techniczny posiada bardzo bogat\u0105 ofert\u0119 obejmuj\u0105c\u0105 artyku\u0142y dla zwierz\u0105t gospodarskich i hodowlanych. Zapoznaj si\u0119 z propozycjami artyku\u0142\u00f3w do hodowli zwierz\u0105t artyku\u0142y weterynaryjne, poid\u0142a, cz\u0119\u015bci do dojarek, elektryczne ogrodzenia pastwisk, artyku\u0142y do dezynfekcji i czyszczenia, zwalczanie szkodnik\u00f3w produkty do wyposa\u017cenia budynk\u00f3w inwentarskich czy urz\u0105dzeniami pomiarowymi. Nie zabrak\u0142o u nas r\u00f3wnie\u017c karmy i dodatk\u00f3w \u017cywieniowych. Wspieraj zdrowie i zapewniaj najlepsz\u0105 opiek\u0119 dzi\u0119ki naszym artyku\u0142om dla zwierz\u0105t.<\/p>\n<p>Odzie\u017c i BHP<br \/>\nBezpiecze\u0144stwo i wygoda to priorytet w ka\u017cdym \u015brodowisku pracy. Dlatego oferujemy odzie\u017c robocz\u0105, obuwie ochronne, r\u0119kawice i inne artyku\u0142y BHP, kt\u00f3re zapewni\u0105 Ci ochron\u0119 i komfort w trudnych warunkach. Dostosuj swoje wyposa\u017cenie i pracuj z pewno\u015bci\u0105 siebie dzi\u0119ki naszej ofercie odzie\u017cy i BHP.<\/p>\n<p>Zabawki BRUDER<br \/>\nBrak pomys\u0142u na prezent ? Zapraszamy po zabawki Bruder dobre na ka\u017cd\u0105 okazj\u0119.<\/p>\n<p>Je\u015bli szukasz zabawek rolniczych dla swojego dziecka w tej kategorii mamy wiele ciekawych propozycji. Nasze zabawki odzwierciedlaj\u0105 \u015bwiat rolnictwa, s\u0105 edukacyjne oraz bezpieczne. Pozw\u00f3l swojemu dziecku odkry\u0107 fascynuj\u0105cy \u015bwiat gospodarstwa rolnego, budowy dzi\u0119ki naszym zabawkom. Zabawkowe maszyny rolnicze dost\u0119pne w sklepie to na przyk\u0142ad mini kombajny, p\u0142ugi, kosiarki czy brony. Polecamy r\u00f3wnie\u017c maszyny budowlane, zagrody czy zabawki ogrodowe. Figurki i akcesoria oraz zabawki z nap\u0119dem to zawsze \u015bwietny pomys\u0142 na prezent!<\/p>\n<p>Filtry paliwa, olejowe i hydrauliczne<br \/>\nLemiesze i nak\u0142adki do p\u0142uga<br \/>\nCz\u0119\u015bci do ci\u0105gnik\u00f3w<\/p>\n<p>Us\u0142ugi transportowe w tym dow\u00f3z towaru dla klienta <\/p>\n<p>Us\u0142ugi \u0142adowark\u0105<\/p>\n<p>Us\u0142ugi warsztatowe w tym wykonanie zbroje\u0144, us\u0142ugi spawalnicze, wykonanie konstrukcji.<\/p>\n<p>Us\u0142uga zakuwania w\u0119\u017cy hydraulicznych<\/p>\n<p>Us\u0142uga renowacji zabytkowych pojazd\u00f3w<\/p>\n<p>Normobaria \u2013 tlenoterapia prowadzona w komorach pod ci\u015bnieniem atmosferycznym.Do najwa\u017cniejszych efekt\u00f3w terapii ci\u015bnieniem barycznym zalicza si\u0119:<\/p>\n<p>    dok\u0142adne dotlenienie wszystkich kom\u00f3rek cia\u0142a;<br \/>\n    spowolnienie proces\u00f3w zwi\u0105zanych ze starzeniem si\u0119 organizmu;<br \/>\n    przed\u0142u\u017cenie \u017cycia;<br \/>\n    znacz\u0105ce zmniejszenie si\u0119 obrz\u0119k\u00f3w tkanek;<br \/>\n    utrzymanie prawid\u0142owej g\u0119sto\u015bci ko\u015bci;<br \/>\n    popraw\u0119 funkcjonowania naczy\u0144 krwiono\u015bnych;<br \/>\n    ograniczenie wyst\u0105pienia stan\u00f3w zapalnych;<br \/>\n    regeneracj\u0119 nab\u0142onk\u00f3w;<br \/>\n    stymulowanie produkcji kolagenu oraz elastyny;<br \/>\n    popraw\u0119 wydolno\u015bci fizycznej oraz psychicznej organizmu;<br \/>\n    udoskonalenie zdolno\u015bci zwi\u0105zanych z pami\u0119ci\u0105;<br \/>\n    popraw\u0119 jako\u015bci i d\u0142ugo\u015bci snu;<br \/>\n    zwi\u0119kszenie ilo\u015bci kom\u00f3rek macierzystych w organizmie (nawet o 150%);<br \/>\n    stymulowanie aktywno\u015bci kom\u00f3rek (osteoklast\u00f3w oraz osteoblast\u00f3w) odpowiadaj\u0105cych za zdrowe ko\u015bci;<br \/>\n    skuteczne dostarczenie najwa\u017cniejszych sk\u0142adnik\u00f3w od\u017cywczych nawet do najdalej znajduj\u0105cych si\u0119 kom\u00f3rek cia\u0142a;<br \/>\n    popraw\u0119 kondycji sk\u00f3ry;<br \/>\n    ust\u0105pienie cz\u0119stych migren i b\u00f3li g\u0142owy;<br \/>\n    mniejsze odczuwanie zm\u0119czenia podczas codziennego funkcjonowania.<\/p>\n<\/div>\n\t\t<\/div><div id=\"panel-w684188ff4d69e-0-0-1\" class=\"so-panel widget widget_text panel-last-child\" data-index=\"1\" >\t\t\t<div class=\"textwidget\"><p><\/p>\n\n<\/div>\n\t\t<\/div><\/div><\/div><div id=\"pg-w684188ff4d69e-1\"  class=\"panel-grid panel-no-style\" ><div id=\"pgc-w684188ff4d69e-1-0\"  class=\"panel-grid-cell\" ><div id=\"panel-w684188ff4d69e-1-0-0\" class=\"so-panel widget widget_themegrill_flash_image tg-widget tg-image-widget panel-first-child\" data-index=\"2\" >\t<img decoding=\"async\" src=\"https:\/\/robstal.com.pl\/wp-content\/uploads\/2022\/12\/zUgWWL_j-1.jpg\" \/>\n<\/div><div id=\"panel-w684188ff4d69e-1-0-1\" class=\"so-panel widget widget_themegrill_flash_image tg-widget tg-image-widget\" data-index=\"3\" >\t<img decoding=\"async\" src=\"https:\/\/robstal.com.pl\/wp-content\/uploads\/2025\/06\/Uf-GCH-8.jpg\" \/>\n<\/div><div id=\"panel-w684188ff4d69e-1-0-2\" class=\"so-panel widget widget_themegrill_flash_image tg-widget tg-image-widget panel-last-child\" data-index=\"4\" >\t<img decoding=\"async\" src=\"https:\/\/robstal.com.pl\/wp-content\/uploads\/2025\/05\/IMG-20220903-WA0004-1-1170x658-1.jpg\" \/>\n<\/div><\/div><div id=\"pgc-w684188ff4d69e-1-1\"  class=\"panel-grid-cell\" ><div id=\"panel-w684188ff4d69e-1-1-0\" class=\"so-panel widget widget_themegrill_flash_image tg-widget tg-image-widget panel-first-child\" data-index=\"5\" >\t<img decoding=\"async\" src=\"https:\/\/robstal.com.pl\/wp-content\/uploads\/2025\/06\/dLN4Sw9Q.jpg\" \/>\n<\/div><div id=\"panel-w684188ff4d69e-1-1-1\" class=\"so-panel widget widget_themegrill_flash_image tg-widget tg-image-widget\" data-index=\"6\" ><div class=\"panel-widget-style panel-widget-style-for-w684188ff4d69e-1-1-1\" >\t<img decoding=\"async\" src=\"https:\/\/robstal.com.pl\/wp-content\/uploads\/2022\/12\/Vj-g4DFA.jpg\" \/>\n<\/div><\/div><div id=\"panel-w684188ff4d69e-1-1-2\" class=\"so-panel widget widget_themegrill_flash_image tg-widget tg-image-widget panel-last-child\" data-index=\"7\" ><div class=\"panel-widget-style panel-widget-style-for-w684188ff4d69e-1-1-2\" >\t<img decoding=\"async\" src=\"https:\/\/robstal.com.pl\/wp-content\/uploads\/2025\/05\/IMG-20210518-WA0004-1-1170x658-1.jpg\" \/>\n<\/div><\/div><\/div><\/div><div id=\"pg-w684188ff4d69e-2\"  class=\"panel-grid panel-has-style\" ><div class=\"panel-row-style panel-row-style-for-w684188ff4d69e-2\" ><div id=\"pgc-w684188ff4d69e-2-0\"  class=\"panel-grid-cell panel-grid-cell-empty\" ><\/div><\/div><\/div><div id=\"pg-w684188ff4d69e-3\"  class=\"panel-grid panel-no-style\" ><div id=\"pgc-w684188ff4d69e-3-0\"  class=\"panel-grid-cell\" ><div id=\"panel-w684188ff4d69e-3-0-0\" class=\"so-panel widget widget_themegrill_flash_service tg-widget tg-single-service panel-first-child panel-last-child\" data-index=\"8\" >\n<div class=\"tg-service-widget tg-service-layout-1\">\n\t<div class=\"service-wrapper\">\n\t\t<div class=\"service-icon-title-wrapper clearfix\">\n\t\t\t\t\t\t\t\t\t<figure class=\"service-image-wrap\"><img decoding=\"async\" src=\"https:\/\/robstal.com.pl\/wp-content\/uploads\/2025\/06\/ctXzAsQ3.jpg\" \/><\/figure>\n\t\t\t\t\t\t\t\t<\/div>\n\t\t\t\t<div class=\"service-content-wrap\">Zajmujemy si\u0119 renowacj\u0105 zabytkowych pojazd\u00f3w<\/div>\n\t\t\t\t\t<\/div>\n<\/div>\n<\/div><\/div><div id=\"pgc-w684188ff4d69e-3-1\"  class=\"panel-grid-cell\" ><div id=\"panel-w684188ff4d69e-3-1-0\" class=\"so-panel widget widget_themegrill_flash_service tg-widget tg-single-service panel-first-child panel-last-child\" data-index=\"9\" >\n<div class=\"tg-service-widget tg-service-layout-1\">\n\t<div class=\"service-wrapper\">\n\t\t<div class=\"service-icon-title-wrapper clearfix\">\n\t\t\t\t\t\t\t\t\t<figure class=\"service-image-wrap\"><img decoding=\"async\" src=\"https:\/\/robstal.com.pl\/wp-content\/uploads\/2025\/06\/image.webp\" \/><\/figure>\n\t\t\t\t\t\t\t\t<\/div>\n\t\t\t\t<div class=\"service-content-wrap\">Wykonujemy konstrukcje <\/div>\n\t\t\t\t\t<\/div>\n<\/div>\n<\/div><\/div><\/div><div id=\"pg-w684188ff4d69e-4\"  class=\"panel-grid panel-has-style\" ><div class=\"panel-row-style panel-row-style-for-w684188ff4d69e-4\" ><div id=\"pgc-w684188ff4d69e-4-0\"  class=\"panel-grid-cell panel-grid-cell-empty\" ><\/div><div id=\"pgc-w684188ff4d69e-4-1\"  class=\"panel-grid-cell panel-grid-cell-empty\" ><\/div><div id=\"pgc-w684188ff4d69e-4-2\"  class=\"panel-grid-cell panel-grid-cell-empty panel-grid-cell-mobile-last\" ><\/div><div id=\"pgc-w684188ff4d69e-4-3\"  class=\"panel-grid-cell panel-grid-cell-empty\" ><\/div><\/div><\/div><div id=\"pg-w684188ff4d69e-5\"  class=\"panel-grid panel-no-style\" ><div id=\"pgc-w684188ff4d69e-5-0\"  class=\"panel-grid-cell\" ><div id=\"panel-w684188ff4d69e-5-0-0\" class=\"so-panel widget widget_themegrill_flash_heading tg-widget section-title-wrapper panel-first-child panel-last-child\" data-index=\"10\" >\t<h3 class=\"section-title\">PHU ROBSTAL<\/h3>\n<\/div><\/div><\/div><div id=\"pg-w684188ff4d69e-6\"  class=\"panel-grid panel-no-style\" ><div id=\"pgc-w684188ff4d69e-6-0\"  class=\"panel-grid-cell\" ><div id=\"panel-w684188ff4d69e-6-0-0\" class=\"so-panel widget widget_themegrill_flash_team tg-widget tg-single-team panel-first-child panel-last-child\" data-index=\"11\" ><div class=\"tg-team-widget tg-team-layout-2\">\n\t<div class=\"team-wrapper\">\n\t\t\t\t<div class=\"team-img\">\n\t\t\t\t\t\t<img decoding=\"async\" src=\"https:\/\/robstal.com.pl\/wp-content\/uploads\/2025\/06\/yMPWH266.jpg\" alt=\"\"\/>\n\t\t<\/div>\n\t\t\t\t<div class=\"team-content-wrapper\">\n\t\t\t<div class=\"team-desc-wrapper\">\n\t\t\t\t<h3 class=\"team-title\"><\/h3>\n\t\t\t\t<div class=\"team-designation\"><\/div>\n\t\t\t\t<div class=\"team-content\"><\/div>\n\t\t\t\t\t\t\t\t<div class=\"team-social\">\n\t\t\t\t\t<div class=\"team-social-block\">\n\t\t\t\t\t\t\t\t\t\t\t\t<a href=\"http:\/\/www.facebook.com\"><i class=\"fa fa-facebook\"><\/i><\/a>\n\t\t\t\t\t\t\t\t\t\t\t\t\t\t\t\t\t\t<a href=\"http:\/\/www.twitter.com\"><i class=\"fa fa-twitter\"><\/i><\/a>\n\t\t\t\t\t\t\t\t\t\t\t\t\t\t\t\t\t\t<a href=\"http:\/\/www.linkedin.com\"><i class=\"fa fa-linkedin\"><\/i><\/a>\n\t\t\t\t\t\t\t\t\t\t\t<\/div>\n\t\t\t\t<\/div>\n\t\t\t\t\t\t<\/div>\n\t\t<\/div>\n\t<\/div>\n<\/div>\n<\/div><\/div><div id=\"pgc-w684188ff4d69e-6-1\"  class=\"panel-grid-cell\" ><div id=\"panel-w684188ff4d69e-6-1-0\" class=\"so-panel widget widget_themegrill_flash_team tg-widget tg-single-team panel-first-child panel-last-child\" data-index=\"12\" ><div class=\"tg-team-widget tg-team-layout-2\">\n\t<div class=\"team-wrapper\">\n\t\t\t\t<div class=\"team-img\">\n\t\t\t\t\t\t<img decoding=\"async\" src=\"https:\/\/robstal.com.pl\/wp-content\/uploads\/2025\/06\/dLN4Sw9Q.jpg\" alt=\"\"\/>\n\t\t<\/div>\n\t\t\t\t<div class=\"team-content-wrapper\">\n\t\t\t<div class=\"team-desc-wrapper\">\n\t\t\t\t<h3 class=\"team-title\"><\/h3>\n\t\t\t\t<div class=\"team-designation\"><\/div>\n\t\t\t\t<div class=\"team-content\"><\/div>\n\t\t\t\t\t\t\t\t<div class=\"team-social\">\n\t\t\t\t\t<div class=\"team-social-block\">\n\t\t\t\t\t\t\t\t\t\t\t\t<a href=\"http:\/\/www.facebook.com\"><i class=\"fa fa-facebook\"><\/i><\/a>\n\t\t\t\t\t\t\t\t\t\t\t\t\t\t\t\t\t\t<a href=\"http:\/\/www.twitter.com\"><i class=\"fa fa-twitter\"><\/i><\/a>\n\t\t\t\t\t\t\t\t\t\t\t\t\t\t\t\t\t\t<a href=\"http:\/\/www.linkedin.com\"><i class=\"fa fa-linkedin\"><\/i><\/a>\n\t\t\t\t\t\t\t\t\t\t\t<\/div>\n\t\t\t\t<\/div>\n\t\t\t\t\t\t<\/div>\n\t\t<\/div>\n\t<\/div>\n<\/div>\n<\/div><\/div><div id=\"pgc-w684188ff4d69e-6-2\"  class=\"panel-grid-cell\" ><div id=\"panel-w684188ff4d69e-6-2-0\" class=\"so-panel widget widget_themegrill_flash_team tg-widget tg-single-team panel-first-child panel-last-child\" data-index=\"13\" ><div class=\"tg-team-widget tg-team-layout-2\">\n\t<div class=\"team-wrapper\">\n\t\t\t\t<div class=\"team-img\">\n\t\t\t\t\t\t<img decoding=\"async\" src=\"https:\/\/robstal.com.pl\/wp-content\/uploads\/2022\/12\/aozN6SyZ.jpg\" alt=\"\"\/>\n\t\t<\/div>\n\t\t\t\t<div class=\"team-content-wrapper\">\n\t\t\t<div class=\"team-desc-wrapper\">\n\t\t\t\t<h3 class=\"team-title\"><\/h3>\n\t\t\t\t<div class=\"team-designation\"><\/div>\n\t\t\t\t<div class=\"team-content\"><\/div>\n\t\t\t\t\t\t\t\t<div class=\"team-social\">\n\t\t\t\t\t<div class=\"team-social-block\">\n\t\t\t\t\t\t\t\t\t\t\t\t<a href=\"http:\/\/www.facebook.com\"><i class=\"fa fa-facebook\"><\/i><\/a>\n\t\t\t\t\t\t\t\t\t\t\t\t\t\t\t\t\t\t<a href=\"http:\/\/www.twitter.com\"><i class=\"fa fa-twitter\"><\/i><\/a>\n\t\t\t\t\t\t\t\t\t\t\t\t\t\t\t\t\t\t<a href=\"http:\/\/www.linkedin.com\"><i class=\"fa fa-linkedin\"><\/i><\/a>\n\t\t\t\t\t\t\t\t\t\t\t<\/div>\n\t\t\t\t<\/div>\n\t\t\t\t\t\t<\/div>\n\t\t<\/div>\n\t<\/div>\n<\/div>\n<\/div><\/div><\/div><\/div><\/div><\/div><\/div><\/div><div id=\"pg-234-1\"  class=\"panel-grid panel-has-style\" ><div class=\"siteorigin-panels-stretch panel-row-style panel-row-style-for-234-1\" data-stretch-type=\"full\" ><div id=\"pgc-234-1-0\"  class=\"panel-grid-cell\" ><div id=\"panel-234-1-0-0\" class=\"so-panel widget widget_themegrill_flash_cta tg-widget call-to-action-section panel-first-child panel-last-child\" data-index=\"1\" ><div class=\"panel-widget-style panel-widget-style-for-234-1-0-0\" ><div class=\"cta-wrapper call-to-action-section-layout-2\">\n\t<div class=\"section-title-wrapper\">\n\t\t\t\t<h3 class=\"section-title\">Czy jeste\u015b gotowy by\u0107 naszym klientem?<\/h3>\n\t\t\t<\/div>\n\t\t<div class=\"btn-wrapper\">\n\t\t\t\t<a class=\"btn\" href=\"https:\/\/robstal.com.pl\/?page_id=18\">Kontakt<\/a>\n\t\t\t\t\t<\/div>\n\t<\/div>\n<\/div><\/div><\/div><\/div><\/div><\/div>","protected":false},"excerpt":{"rendered":"<p>P.H.U. &#8222;ROBSTAL&#8221; Hieronim Robakowski Nasza firma zajmuje si\u0119: 1 . Sprzeda\u017c\u0105 stali\u00a0 Posiadamy w sprzeda\u017cy szeroki asortyment stali: Blacha czarna [&hellip;]<\/p>\n","protected":false},"author":1,"featured_media":0,"parent":0,"menu_order":0,"comment_status":"closed","ping_status":"closed","template":"","meta":{"footnotes":""},"class_list":["post-234","page","type-page","status-publish","hentry"],"yoast_head":"<!-- This site is optimized with the Yoast SEO plugin v25.2 - https:\/\/yoast.com\/wordpress\/plugins\/seo\/ -->\n<title>O nas - PHU ROBSTAL HIERONIM ROBAKOWSKI<\/title>\n<meta name=\"robots\" content=\"index, follow, max-snippet:-1, max-image-preview:large, max-video-preview:-1\" \/>\n<link rel=\"canonical\" href=\"https:\/\/robstal.com.pl\/?page_id=234\" \/>\n<meta property=\"og:locale\" content=\"pl_PL\" \/>\n<meta property=\"og:type\" content=\"article\" \/>\n<meta property=\"og:title\" content=\"O nas - PHU ROBSTAL HIERONIM ROBAKOWSKI\" \/>\n<meta property=\"og:description\" content=\"P.H.U. &#8222;ROBSTAL&#8221; Hieronim Robakowski Nasza firma zajmuje si\u0119: 1 . Sprzeda\u017c\u0105 stali\u00a0 Posiadamy w sprzeda\u017cy szeroki asortyment stali: Blacha czarna [&hellip;]\" \/>\n<meta property=\"og:url\" content=\"https:\/\/robstal.com.pl\/?page_id=234\" \/>\n<meta property=\"og:site_name\" content=\"PHU ROBSTAL HIERONIM ROBAKOWSKI\" \/>\n<meta property=\"article:modified_time\" content=\"2025-06-05T12:09:35+00:00\" \/>\n<meta name=\"twitter:card\" content=\"summary_large_image\" \/>\n<meta name=\"twitter:label1\" content=\"Szacowany czas czytania\" \/>\n\t<meta name=\"twitter:data1\" content=\"5 minut\" \/>\n<script type=\"application\/ld+json\" class=\"yoast-schema-graph\">{\"@context\":\"https:\/\/schema.org\",\"@graph\":[{\"@type\":\"WebPage\",\"@id\":\"https:\/\/robstal.com.pl\/?page_id=234\",\"url\":\"https:\/\/robstal.com.pl\/?page_id=234\",\"name\":\"O nas - PHU ROBSTAL HIERONIM ROBAKOWSKI\",\"isPartOf\":{\"@id\":\"https:\/\/robstal.com.pl\/#website\"},\"datePublished\":\"2017-01-30T03:39:36+00:00\",\"dateModified\":\"2025-06-05T12:09:35+00:00\",\"breadcrumb\":{\"@id\":\"https:\/\/robstal.com.pl\/?page_id=234#breadcrumb\"},\"inLanguage\":\"pl-PL\",\"potentialAction\":[{\"@type\":\"ReadAction\",\"target\":[\"https:\/\/robstal.com.pl\/?page_id=234\"]}]},{\"@type\":\"BreadcrumbList\",\"@id\":\"https:\/\/robstal.com.pl\/?page_id=234#breadcrumb\",\"itemListElement\":[{\"@type\":\"ListItem\",\"position\":1,\"name\":\"Home\",\"item\":\"https:\/\/robstal.com.pl\/\"},{\"@type\":\"ListItem\",\"position\":2,\"name\":\"O nas\"}]},{\"@type\":\"WebSite\",\"@id\":\"https:\/\/robstal.com.pl\/#website\",\"url\":\"https:\/\/robstal.com.pl\/\",\"name\":\"PHU ROBSTAL HIERONIM ROBAKOWSKI\",\"description\":\"PHU ROBSTAL\",\"publisher\":{\"@id\":\"https:\/\/robstal.com.pl\/#organization\"},\"potentialAction\":[{\"@type\":\"SearchAction\",\"target\":{\"@type\":\"EntryPoint\",\"urlTemplate\":\"https:\/\/robstal.com.pl\/?s={search_term_string}\"},\"query-input\":{\"@type\":\"PropertyValueSpecification\",\"valueRequired\":true,\"valueName\":\"search_term_string\"}}],\"inLanguage\":\"pl-PL\"},{\"@type\":\"Organization\",\"@id\":\"https:\/\/robstal.com.pl\/#organization\",\"name\":\"PHU ROBSTAL HIERONIM ROBAKOWSKI\",\"url\":\"https:\/\/robstal.com.pl\/\",\"logo\":{\"@type\":\"ImageObject\",\"inLanguage\":\"pl-PL\",\"@id\":\"https:\/\/robstal.com.pl\/#\/schema\/logo\/image\/\",\"url\":\"https:\/\/robstal.com.pl\/wp-content\/uploads\/2022\/12\/logo.png\",\"contentUrl\":\"https:\/\/robstal.com.pl\/wp-content\/uploads\/2022\/12\/logo.png\",\"width\":250,\"height\":110,\"caption\":\"PHU ROBSTAL HIERONIM ROBAKOWSKI\"},\"image\":{\"@id\":\"https:\/\/robstal.com.pl\/#\/schema\/logo\/image\/\"}}]}<\/script>\n<!-- \/ Yoast SEO plugin. -->","yoast_head_json":{"title":"O nas - PHU ROBSTAL HIERONIM ROBAKOWSKI","robots":{"index":"index","follow":"follow","max-snippet":"max-snippet:-1","max-image-preview":"max-image-preview:large","max-video-preview":"max-video-preview:-1"},"canonical":"https:\/\/robstal.com.pl\/?page_id=234","og_locale":"pl_PL","og_type":"article","og_title":"O nas - PHU ROBSTAL HIERONIM ROBAKOWSKI","og_description":"P.H.U. &#8222;ROBSTAL&#8221; Hieronim Robakowski Nasza firma zajmuje si\u0119: 1 . Sprzeda\u017c\u0105 stali\u00a0 Posiadamy w sprzeda\u017cy szeroki asortyment stali: Blacha czarna [&hellip;]","og_url":"https:\/\/robstal.com.pl\/?page_id=234","og_site_name":"PHU ROBSTAL HIERONIM ROBAKOWSKI","article_modified_time":"2025-06-05T12:09:35+00:00","twitter_card":"summary_large_image","twitter_misc":{"Szacowany czas czytania":"5 minut"},"schema":{"@context":"https:\/\/schema.org","@graph":[{"@type":"WebPage","@id":"https:\/\/robstal.com.pl\/?page_id=234","url":"https:\/\/robstal.com.pl\/?page_id=234","name":"O nas - PHU ROBSTAL HIERONIM ROBAKOWSKI","isPartOf":{"@id":"https:\/\/robstal.com.pl\/#website"},"datePublished":"2017-01-30T03:39:36+00:00","dateModified":"2025-06-05T12:09:35+00:00","breadcrumb":{"@id":"https:\/\/robstal.com.pl\/?page_id=234#breadcrumb"},"inLanguage":"pl-PL","potentialAction":[{"@type":"ReadAction","target":["https:\/\/robstal.com.pl\/?page_id=234"]}]},{"@type":"BreadcrumbList","@id":"https:\/\/robstal.com.pl\/?page_id=234#breadcrumb","itemListElement":[{"@type":"ListItem","position":1,"name":"Home","item":"https:\/\/robstal.com.pl\/"},{"@type":"ListItem","position":2,"name":"O nas"}]},{"@type":"WebSite","@id":"https:\/\/robstal.com.pl\/#website","url":"https:\/\/robstal.com.pl\/","name":"PHU ROBSTAL HIERONIM ROBAKOWSKI","description":"PHU ROBSTAL","publisher":{"@id":"https:\/\/robstal.com.pl\/#organization"},"potentialAction":[{"@type":"SearchAction","target":{"@type":"EntryPoint","urlTemplate":"https:\/\/robstal.com.pl\/?s={search_term_string}"},"query-input":{"@type":"PropertyValueSpecification","valueRequired":true,"valueName":"search_term_string"}}],"inLanguage":"pl-PL"},{"@type":"Organization","@id":"https:\/\/robstal.com.pl\/#organization","name":"PHU ROBSTAL HIERONIM ROBAKOWSKI","url":"https:\/\/robstal.com.pl\/","logo":{"@type":"ImageObject","inLanguage":"pl-PL","@id":"https:\/\/robstal.com.pl\/#\/schema\/logo\/image\/","url":"https:\/\/robstal.com.pl\/wp-content\/uploads\/2022\/12\/logo.png","contentUrl":"https:\/\/robstal.com.pl\/wp-content\/uploads\/2022\/12\/logo.png","width":250,"height":110,"caption":"PHU ROBSTAL HIERONIM ROBAKOWSKI"},"image":{"@id":"https:\/\/robstal.com.pl\/#\/schema\/logo\/image\/"}}]}},"_links":{"self":[{"href":"https:\/\/robstal.com.pl\/index.php?rest_route=\/wp\/v2\/pages\/234","targetHints":{"allow":["GET"]}}],"collection":[{"href":"https:\/\/robstal.com.pl\/index.php?rest_route=\/wp\/v2\/pages"}],"about":[{"href":"https:\/\/robstal.com.pl\/index.php?rest_route=\/wp\/v2\/types\/page"}],"author":[{"embeddable":true,"href":"https:\/\/robstal.com.pl\/index.php?rest_route=\/wp\/v2\/users\/1"}],"replies":[{"embeddable":true,"href":"https:\/\/robstal.com.pl\/index.php?rest_route=%2Fwp%2Fv2%2Fcomments&post=234"}],"version-history":[{"count":50,"href":"https:\/\/robstal.com.pl\/index.php?rest_route=\/wp\/v2\/pages\/234\/revisions"}],"predecessor-version":[{"id":950,"href":"https:\/\/robstal.com.pl\/index.php?rest_route=\/wp\/v2\/pages\/234\/revisions\/950"}],"wp:attachment":[{"href":"https:\/\/robstal.com.pl\/index.php?rest_route=%2Fwp%2Fv2%2Fmedia&parent=234"}],"curies":[{"name":"wp","href":"https:\/\/api.w.org\/{rel}","templated":true}]}}