{"id":18,"date":"2017-01-30T03:42:19","date_gmt":"2017-01-30T03:42:19","guid":{"rendered":"https:\/\/demo.themegrill.com\/flash-construction-2\/?page_id=18"},"modified":"2025-07-21T09:43:37","modified_gmt":"2025-07-21T07:43:37","slug":"contact","status":"publish","type":"page","link":"https:\/\/robstal.com.pl\/?page_id=18","title":{"rendered":"Kontakt"},"content":{"rendered":"<div id=\"pl-18\"  class=\"panel-layout\" ><div id=\"pg-18-0\"  class=\"panel-grid panel-has-style\" ><div class=\"siteorigin-panels-stretch panel-row-style panel-row-style-for-18-0\" data-stretch-type=\"full\" ><div id=\"pgc-18-0-0\"  class=\"panel-grid-cell\" ><div id=\"panel-18-0-0-0\" class=\"so-panel widget widget_siteorigin-panels-builder panel-first-child panel-last-child\" data-index=\"0\" ><div id=\"pl-w687defa983ccb\"  class=\"panel-layout\" ><div id=\"pg-w687defa983ccb-0\"  class=\"panel-grid panel-no-style\" ><div id=\"pgc-w687defa983ccb-0-0\"  class=\"panel-grid-cell\" ><div id=\"panel-w687defa983ccb-0-0-0\" class=\"so-panel widget widget_themegrill_flash_heading tg-widget section-title-wrapper panel-first-child panel-last-child\" data-index=\"0\" >\t<h3 class=\"section-title\">Kontakt z nami<\/h3>\n<\/div><\/div><\/div><div id=\"pg-w687defa983ccb-1\"  class=\"panel-grid panel-no-style\" ><div id=\"pgc-w687defa983ccb-1-0\"  class=\"panel-grid-cell\" ><div id=\"panel-w687defa983ccb-1-0-0\" class=\"so-panel widget widget_themegrill_flash_image tg-widget tg-image-widget panel-first-child panel-last-child\" data-index=\"1\" >\t<img decoding=\"async\" src=\"https:\/\/robstal.com.pl\/wp-content\/uploads\/2025\/05\/IMG-20210518-WA0004-1-1170x658-1.jpg\" \/>\n<\/div><\/div><div id=\"pgc-w687defa983ccb-1-1\"  class=\"panel-grid-cell\" ><div id=\"panel-w687defa983ccb-1-1-0\" class=\"so-panel widget widget_text panel-first-child\" data-index=\"2\" ><div class=\"panel-widget-style panel-widget-style-for-w687defa983ccb-1-1-0\" ><h3 class=\"widget-title\">Godziny otwarcia<\/h3>\t\t\t<div class=\"textwidget\"><p><span>Sklep:<br \/>\nPoniedzia\u0142ek - Pi\u0105tek 8:00 - 17:00<\/br><\/span><br \/>\nSobota - nieczynne<\/br><\/span><br \/>\n<span>Stal:<br \/>\nPoniedzia\u0142ek - Pi\u0105tek 8:00 - 16:00<\/br><\/span><br \/>\nSobota - nieczynne<\/br><\/span><\/p>\n<\/div>\n\t\t<\/div><\/div><div id=\"panel-w687defa983ccb-1-1-1\" class=\"so-panel widget widget_text panel-last-child\" data-index=\"3\" ><h3 class=\"widget-title\">Telefon<\/h3>\t\t\t<div class=\"textwidget\"><p><span>STAL: telefon: 509 869 601<\/span><\/br><br \/>\n<span>email: stal@robstal.com.pl<\/span><\/br><br \/>\n<span>SKLEP: telefon: 502 842 779<\/span><\/br><br \/>\n<span>email: grenekrotoszyn@gmail.com<\/span><\/br><\/p>\n<\/div>\n\t\t<\/div><\/div><\/div><div id=\"pg-w687defa983ccb-2\"  class=\"panel-grid panel-no-style\" ><div id=\"pgc-w687defa983ccb-2-0\"  class=\"panel-grid-cell\" ><div id=\"panel-w687defa983ccb-2-0-0\" class=\"widget_text so-panel widget widget_custom_html panel-first-child panel-last-child\" data-index=\"4\" ><div class=\"textwidget custom-html-widget\">\n<iframe src=\"https:\/\/www.google.com\/maps\/embed?pb=!1m18!1m12!1m3!1d2472.9561523001926!2d17.41820187685633!3d51.6972474968165!2m3!1f0!2f0!3f0!3m2!1i1024!2i768!4f13.1!3m3!1m2!1s0x470546fc632bb36b%3A0x401f3d9507168583!2sZamkowy%20Folwark%207%2C%2063-700%20Krotoszyn!5e0!3m2!1spl!2spl!4v1748450058038!5m2!1spl!2spl\" width=\"600\" height=\"450\" style=\"border:0;\" allowfullscreen=\"\" loading=\"lazy\" referrerpolicy=\"no-referrer-when-downgrade\"><\/iframe><\/div><\/div><\/div><div id=\"pgc-w687defa983ccb-2-1\"  class=\"panel-grid-cell\" ><div id=\"panel-w687defa983ccb-2-1-0\" class=\"so-panel widget widget_text panel-first-child panel-last-child\" data-index=\"5\" ><h3 class=\"widget-title\">Adres sklepu<\/h3>\t\t\t<div class=\"textwidget\"><p><span>PHU ROBSTAL Hieronim Robakowski\" <\/span><\/br><br \/>\n<span>ul. Zamkowy Folwark 7<\/span><\/br><br \/>\n<span>63-700 Krotoszyn<\/span><\/br><\/p>\n<\/div>\n\t\t<\/div><\/div><\/div><\/div><\/div><\/div><\/div><\/div><div id=\"pg-18-1\"  class=\"panel-grid panel-has-style\" ><div class=\"siteorigin-panels-stretch panel-row-style panel-row-style-for-18-1\" data-stretch-type=\"full\" ><div id=\"pgc-18-1-0\"  class=\"panel-grid-cell\" ><div id=\"panel-18-1-0-0\" class=\"so-panel widget widget_themegrill_flash_cta tg-widget call-to-action-section panel-first-child panel-last-child\" data-index=\"1\" ><div class=\"cta-wrapper call-to-action-section-layout-2\">\n\t<div class=\"section-title-wrapper\">\n\t\t\t\t<h3 class=\"section-title\">Czy chcesz si\u0119 z nami skontaktowa\u0107?<\/h3>\n\t\t\t<\/div>\n\t\t<div class=\"btn-wrapper\">\n\t\t\t\t<a class=\"btn\" href=\"https:\/\/robstal.com.pl\/?page_id=18\">Kliknij tu<\/a>\n\t\t\t\t\t<\/div>\n\t<\/div>\n<\/div><\/div><\/div><\/div><\/div>","protected":false},"excerpt":{"rendered":"<p>Kontakt z nami Godziny otwarcia Sklep: Poniedzia\u0142ek &#8211; Pi\u0105tek 8:00 &#8211; 17:00 Sobota &#8211; nieczynne Stal: Poniedzia\u0142ek &#8211; Pi\u0105tek 8:00 [&hellip;]<\/p>\n","protected":false},"author":1,"featured_media":0,"parent":0,"menu_order":0,"comment_status":"closed","ping_status":"closed","template":"page-templates\/pagebuilder.php","meta":{"footnotes":""},"class_list":["post-18","page","type-page","status-publish","hentry"],"yoast_head":"<!-- This site is optimized with the Yoast SEO plugin v25.2 - https:\/\/yoast.com\/wordpress\/plugins\/seo\/ -->\n<title>Kontakt - PHU ROBSTAL HIERONIM ROBAKOWSKI<\/title>\n<meta name=\"robots\" content=\"index, follow, max-snippet:-1, max-image-preview:large, max-video-preview:-1\" \/>\n<link rel=\"canonical\" href=\"https:\/\/robstal.com.pl\/?page_id=18\" \/>\n<meta property=\"og:locale\" content=\"pl_PL\" \/>\n<meta property=\"og:type\" content=\"article\" \/>\n<meta property=\"og:title\" content=\"Kontakt - PHU ROBSTAL HIERONIM ROBAKOWSKI\" \/>\n<meta property=\"og:description\" content=\"Kontakt z nami Godziny otwarcia Sklep: Poniedzia\u0142ek - Pi\u0105tek 8:00 - 17:00 Sobota - nieczynne Stal: Poniedzia\u0142ek - Pi\u0105tek 8:00 [&hellip;]\" \/>\n<meta property=\"og:url\" content=\"https:\/\/robstal.com.pl\/?page_id=18\" \/>\n<meta property=\"og:site_name\" content=\"PHU ROBSTAL HIERONIM ROBAKOWSKI\" \/>\n<meta property=\"article:modified_time\" content=\"2025-07-21T07:43:37+00:00\" \/>\n<meta name=\"twitter:card\" content=\"summary_large_image\" \/>\n<meta name=\"twitter:label1\" content=\"Szacowany czas czytania\" \/>\n\t<meta name=\"twitter:data1\" content=\"1 minuta\" \/>\n<script type=\"application\/ld+json\" class=\"yoast-schema-graph\">{\"@context\":\"https:\/\/schema.org\",\"@graph\":[{\"@type\":\"WebPage\",\"@id\":\"https:\/\/robstal.com.pl\/?page_id=18\",\"url\":\"https:\/\/robstal.com.pl\/?page_id=18\",\"name\":\"Kontakt - PHU ROBSTAL HIERONIM ROBAKOWSKI\",\"isPartOf\":{\"@id\":\"https:\/\/robstal.com.pl\/#website\"},\"datePublished\":\"2017-01-30T03:42:19+00:00\",\"dateModified\":\"2025-07-21T07:43:37+00:00\",\"breadcrumb\":{\"@id\":\"https:\/\/robstal.com.pl\/?page_id=18#breadcrumb\"},\"inLanguage\":\"pl-PL\",\"potentialAction\":[{\"@type\":\"ReadAction\",\"target\":[\"https:\/\/robstal.com.pl\/?page_id=18\"]}]},{\"@type\":\"BreadcrumbList\",\"@id\":\"https:\/\/robstal.com.pl\/?page_id=18#breadcrumb\",\"itemListElement\":[{\"@type\":\"ListItem\",\"position\":1,\"name\":\"Home\",\"item\":\"https:\/\/robstal.com.pl\/\"},{\"@type\":\"ListItem\",\"position\":2,\"name\":\"Kontakt\"}]},{\"@type\":\"WebSite\",\"@id\":\"https:\/\/robstal.com.pl\/#website\",\"url\":\"https:\/\/robstal.com.pl\/\",\"name\":\"PHU ROBSTAL HIERONIM ROBAKOWSKI\",\"description\":\"PHU ROBSTAL\",\"publisher\":{\"@id\":\"https:\/\/robstal.com.pl\/#organization\"},\"potentialAction\":[{\"@type\":\"SearchAction\",\"target\":{\"@type\":\"EntryPoint\",\"urlTemplate\":\"https:\/\/robstal.com.pl\/?s={search_term_string}\"},\"query-input\":{\"@type\":\"PropertyValueSpecification\",\"valueRequired\":true,\"valueName\":\"search_term_string\"}}],\"inLanguage\":\"pl-PL\"},{\"@type\":\"Organization\",\"@id\":\"https:\/\/robstal.com.pl\/#organization\",\"name\":\"PHU ROBSTAL HIERONIM ROBAKOWSKI\",\"url\":\"https:\/\/robstal.com.pl\/\",\"logo\":{\"@type\":\"ImageObject\",\"inLanguage\":\"pl-PL\",\"@id\":\"https:\/\/robstal.com.pl\/#\/schema\/logo\/image\/\",\"url\":\"https:\/\/robstal.com.pl\/wp-content\/uploads\/2022\/12\/logo.png\",\"contentUrl\":\"https:\/\/robstal.com.pl\/wp-content\/uploads\/2022\/12\/logo.png\",\"width\":250,\"height\":110,\"caption\":\"PHU ROBSTAL HIERONIM ROBAKOWSKI\"},\"image\":{\"@id\":\"https:\/\/robstal.com.pl\/#\/schema\/logo\/image\/\"}}]}<\/script>\n<!-- \/ Yoast SEO plugin. -->","yoast_head_json":{"title":"Kontakt - PHU ROBSTAL HIERONIM ROBAKOWSKI","robots":{"index":"index","follow":"follow","max-snippet":"max-snippet:-1","max-image-preview":"max-image-preview:large","max-video-preview":"max-video-preview:-1"},"canonical":"https:\/\/robstal.com.pl\/?page_id=18","og_locale":"pl_PL","og_type":"article","og_title":"Kontakt - PHU ROBSTAL HIERONIM ROBAKOWSKI","og_description":"Kontakt z nami Godziny otwarcia Sklep: Poniedzia\u0142ek - Pi\u0105tek 8:00 - 17:00 Sobota - nieczynne Stal: Poniedzia\u0142ek - Pi\u0105tek 8:00 [&hellip;]","og_url":"https:\/\/robstal.com.pl\/?page_id=18","og_site_name":"PHU ROBSTAL HIERONIM ROBAKOWSKI","article_modified_time":"2025-07-21T07:43:37+00:00","twitter_card":"summary_large_image","twitter_misc":{"Szacowany czas czytania":"1 minuta"},"schema":{"@context":"https:\/\/schema.org","@graph":[{"@type":"WebPage","@id":"https:\/\/robstal.com.pl\/?page_id=18","url":"https:\/\/robstal.com.pl\/?page_id=18","name":"Kontakt - PHU ROBSTAL HIERONIM ROBAKOWSKI","isPartOf":{"@id":"https:\/\/robstal.com.pl\/#website"},"datePublished":"2017-01-30T03:42:19+00:00","dateModified":"2025-07-21T07:43:37+00:00","breadcrumb":{"@id":"https:\/\/robstal.com.pl\/?page_id=18#breadcrumb"},"inLanguage":"pl-PL","potentialAction":[{"@type":"ReadAction","target":["https:\/\/robstal.com.pl\/?page_id=18"]}]},{"@type":"BreadcrumbList","@id":"https:\/\/robstal.com.pl\/?page_id=18#breadcrumb","itemListElement":[{"@type":"ListItem","position":1,"name":"Home","item":"https:\/\/robstal.com.pl\/"},{"@type":"ListItem","position":2,"name":"Kontakt"}]},{"@type":"WebSite","@id":"https:\/\/robstal.com.pl\/#website","url":"https:\/\/robstal.com.pl\/","name":"PHU ROBSTAL HIERONIM ROBAKOWSKI","description":"PHU ROBSTAL","publisher":{"@id":"https:\/\/robstal.com.pl\/#organization"},"potentialAction":[{"@type":"SearchAction","target":{"@type":"EntryPoint","urlTemplate":"https:\/\/robstal.com.pl\/?s={search_term_string}"},"query-input":{"@type":"PropertyValueSpecification","valueRequired":true,"valueName":"search_term_string"}}],"inLanguage":"pl-PL"},{"@type":"Organization","@id":"https:\/\/robstal.com.pl\/#organization","name":"PHU ROBSTAL HIERONIM ROBAKOWSKI","url":"https:\/\/robstal.com.pl\/","logo":{"@type":"ImageObject","inLanguage":"pl-PL","@id":"https:\/\/robstal.com.pl\/#\/schema\/logo\/image\/","url":"https:\/\/robstal.com.pl\/wp-content\/uploads\/2022\/12\/logo.png","contentUrl":"https:\/\/robstal.com.pl\/wp-content\/uploads\/2022\/12\/logo.png","width":250,"height":110,"caption":"PHU ROBSTAL HIERONIM ROBAKOWSKI"},"image":{"@id":"https:\/\/robstal.com.pl\/#\/schema\/logo\/image\/"}}]}},"_links":{"self":[{"href":"https:\/\/robstal.com.pl\/index.php?rest_route=\/wp\/v2\/pages\/18","targetHints":{"allow":["GET"]}}],"collection":[{"href":"https:\/\/robstal.com.pl\/index.php?rest_route=\/wp\/v2\/pages"}],"about":[{"href":"https:\/\/robstal.com.pl\/index.php?rest_route=\/wp\/v2\/types\/page"}],"author":[{"embeddable":true,"href":"https:\/\/robstal.com.pl\/index.php?rest_route=\/wp\/v2\/users\/1"}],"replies":[{"embeddable":true,"href":"https:\/\/robstal.com.pl\/index.php?rest_route=%2Fwp%2Fv2%2Fcomments&post=18"}],"version-history":[{"count":77,"href":"https:\/\/robstal.com.pl\/index.php?rest_route=\/wp\/v2\/pages\/18\/revisions"}],"predecessor-version":[{"id":1106,"href":"https:\/\/robstal.com.pl\/index.php?rest_route=\/wp\/v2\/pages\/18\/revisions\/1106"}],"wp:attachment":[{"href":"https:\/\/robstal.com.pl\/index.php?rest_route=%2Fwp%2Fv2%2Fmedia&parent=18"}],"curies":[{"name":"wp","href":"https:\/\/api.w.org\/{rel}","templated":true}]}}